{"id":199,"date":"2018-12-05T16:25:12","date_gmt":"2018-12-05T15:25:12","guid":{"rendered":"http:\/\/aazchaume.com\/?page_id=199"},"modified":"2018-12-05T17:14:35","modified_gmt":"2018-12-05T16:14:35","slug":"neuf","status":"publish","type":"page","link":"https:\/\/aazchaume.com\/index.php\/toits-en-chaume\/neuf\/","title":{"rendered":"M\u00e9thode Hollandaise &#8211; Remise \u00e0 Neuf"},"content":{"rendered":"<div  data-label=\"Gallery\" data-id=\"gallery--1\" data-export-id=\"gallery-1\" data-category=\"gallery\" class=\"gallery-1 content-section content-section-spacing content-relative\" id=\"gallery-1\" style=\"background-color: rgb(245, 250, 253);\"><div  class=\"\"><div  data-section-title-area=\"true\" class=\"row text-center\">   <div  class=\"section-title-col\" data-type=\"column\">              <p  class=\"lead\">Nous r\u00e9alisons des toitures \u00e0 neuf ainsi que des traitements anti-mousse et l\u2019entretien de votre chaumi\u00e8re depuis trois g\u00e9n\u00e9rations. Nous sommes une entreprise familiale \u00e0 dimension humaine. Nous nous d\u00e9pla\u00e7ons dans toute  l\u2019 Europe. Nous comptons parmis nos clients de nombreuses personnes pr\u00eatent \u00e0 t\u00e9moigner du s\u00e9rieux ainsi que de la qualit\u00e9 de notre travail.<br >\n<span  style=\"font-weight: 700;\">Nous assurons nos travaux \u00e0 neuf par une garantie d\u00e9cennale.<\/span><\/p>   <p  class=\"\">Cliquez sur les images ci-dessous pour voir un de nos chantiers avant, pendant et apr\u00e8s travaux de remise \u00e0 neuf<\/p><\/div><\/div>  <div  class=\"row text-center\"> <div  class=\"col-xs-12\" data-editable=\"true\" data-content-shortcode=\"mesmerize_gallery id=&quot;mesmerize-gallery-1&quot; columns=&quot;3&quot; ids=&quot;218,219,220&quot; lb=&quot;1&quot; masonry=&quot;1&quot; size=&quot;medium&quot; link=&quot;file&quot; \"><div id='mesmerize-gallery-1' class='gallery-wrapper'><style type=\"text\/css\">\n                    @media only screen and (min-width: 768px) {\n                    [data-unique-id='mesmerize-gallery-1-69e1e0418f134'] dl {\n                        float: left;\n                        width: 33.333333333333% !important;\n                        max-width:  33.333333333333% !important;\n                        min-width:  33.333333333333% !important;\n                    }\n\n                    [data-unique-id='mesmerize-gallery-1-69e1e0418f134'] dl:nth-of-type(3n +1 ) {\n                      clear: both;\n                      }\n                    }\n                <\/style><div id='mesmerize-gallery-1' class='mesmerize-gallery-1-dls-wrapper gallery-items-wrapper materialis-gallery' data-unique-id='mesmerize-gallery-1-69e1e0418f134'><dl class='gallery-item'>\n\t\t\t<dt class='gallery-icon landscape'>\n\t\t\t\t<a data-fancybox=\"mesmerize-gallery-1-group\" href='https:\/\/aazchaume.com\/wp-content\/uploads\/2018\/12\/20180504_120545-2-1.jpg'><img loading=\"lazy\" decoding=\"async\"  width=\"300\" height=\"225\" src=\"https:\/\/aazchaume.com\/wp-content\/uploads\/2018\/12\/20180504_120545-2-1-300x225.jpg\"  class='mesmerize-gallery-1-image' alt=\"Avant travail de remise \u00e0 neuf\" srcset=\"https:\/\/aazchaume.com\/wp-content\/uploads\/2018\/12\/20180504_120545-2-1-300x225.jpg 300w, https:\/\/aazchaume.com\/wp-content\/uploads\/2018\/12\/20180504_120545-2-1-768x576.jpg 768w, https:\/\/aazchaume.com\/wp-content\/uploads\/2018\/12\/20180504_120545-2-1-1024x768.jpg 1024w, https:\/\/aazchaume.com\/wp-content\/uploads\/2018\/12\/20180504_120545-2-1-1440x1080.jpg 1440w\" sizes=\"auto, (max-width: 300px) 100vw, 300px\" \/><\/a>\n\t\t\t<\/dt><\/dl><dl class='gallery-item'>\n\t\t\t<dt class='gallery-icon landscape'>\n\t\t\t\t<a data-fancybox=\"mesmerize-gallery-1-group\" href='https:\/\/aazchaume.com\/wp-content\/uploads\/2018\/12\/20180711_134935-1.jpg'><img loading=\"lazy\" decoding=\"async\"  width=\"300\" height=\"225\" src=\"https:\/\/aazchaume.com\/wp-content\/uploads\/2018\/12\/20180711_134935-1-300x225.jpg\"  class='mesmerize-gallery-1-image' alt=\"Pendant les travaux de remise \u00e0 neuf\" srcset=\"https:\/\/aazchaume.com\/wp-content\/uploads\/2018\/12\/20180711_134935-1-300x225.jpg 300w, https:\/\/aazchaume.com\/wp-content\/uploads\/2018\/12\/20180711_134935-1-768x576.jpg 768w, https:\/\/aazchaume.com\/wp-content\/uploads\/2018\/12\/20180711_134935-1-1024x768.jpg 1024w, https:\/\/aazchaume.com\/wp-content\/uploads\/2018\/12\/20180711_134935-1-1440x1080.jpg 1440w\" sizes=\"auto, (max-width: 300px) 100vw, 300px\" \/><\/a>\n\t\t\t<\/dt><\/dl><dl class='gallery-item'>\n\t\t\t<dt class='gallery-icon landscape'>\n\t\t\t\t<a data-fancybox=\"mesmerize-gallery-1-group\" href='https:\/\/aazchaume.com\/wp-content\/uploads\/2018\/12\/20180718_081805-1.jpg'><img loading=\"lazy\" decoding=\"async\"  width=\"300\" height=\"225\" src=\"https:\/\/aazchaume.com\/wp-content\/uploads\/2018\/12\/20180718_081805-1-300x225.jpg\"  class='mesmerize-gallery-1-image' alt=\"Travail de remise \u00e0 neuf fini\" srcset=\"https:\/\/aazchaume.com\/wp-content\/uploads\/2018\/12\/20180718_081805-1-300x225.jpg 300w, https:\/\/aazchaume.com\/wp-content\/uploads\/2018\/12\/20180718_081805-1-768x576.jpg 768w, https:\/\/aazchaume.com\/wp-content\/uploads\/2018\/12\/20180718_081805-1-1024x768.jpg 1024w, https:\/\/aazchaume.com\/wp-content\/uploads\/2018\/12\/20180718_081805-1-1440x1080.jpg 1440w\" sizes=\"auto, (max-width: 300px) 100vw, 300px\" \/><\/a>\n\t\t\t<\/dt><\/dl>\n\t\t<\/div>\n<script>(function($){window.MaterialisCaptionsGallery && window.MaterialisCaptionsGallery($('[data-unique-id=\"mesmerize-gallery-1-69e1e0418f134\"]'))})(jQuery)<\/script><\/div><\/div><\/div> <\/div><\/div>","protected":false},"excerpt":{"rendered":"<p>Nous r\u00e9alisons des toitures \u00e0 neuf ainsi que des traitements anti-mousse et l\u2019entretien de votre chaumi\u00e8re depuis trois g\u00e9n\u00e9rations. Nous sommes une entreprise familiale \u00e0 dimension humaine. Nous nous d\u00e9pla\u00e7ons dans toute l\u2019 Europe. Nous comptons parmis nos clients de nombreuses personnes pr\u00eatent \u00e0 t\u00e9moigner du s\u00e9rieux ainsi que de la qualit\u00e9 de notre travail.&hellip; <br \/> <a class=\"read-more\" href=\"https:\/\/aazchaume.com\/index.php\/toits-en-chaume\/neuf\/\">Read more<\/a><\/p>\n","protected":false},"author":1,"featured_media":0,"parent":21,"menu_order":0,"comment_status":"closed","ping_status":"closed","template":"pro\/page-templates\/full-width-page.php","meta":{"footnotes":""},"class_list":["post-199","page","type-page","status-publish","hentry"],"_links":{"self":[{"href":"https:\/\/aazchaume.com\/index.php\/wp-json\/wp\/v2\/pages\/199","targetHints":{"allow":["GET"]}}],"collection":[{"href":"https:\/\/aazchaume.com\/index.php\/wp-json\/wp\/v2\/pages"}],"about":[{"href":"https:\/\/aazchaume.com\/index.php\/wp-json\/wp\/v2\/types\/page"}],"author":[{"embeddable":true,"href":"https:\/\/aazchaume.com\/index.php\/wp-json\/wp\/v2\/users\/1"}],"replies":[{"embeddable":true,"href":"https:\/\/aazchaume.com\/index.php\/wp-json\/wp\/v2\/comments?post=199"}],"version-history":[{"count":10,"href":"https:\/\/aazchaume.com\/index.php\/wp-json\/wp\/v2\/pages\/199\/revisions"}],"predecessor-version":[{"id":250,"href":"https:\/\/aazchaume.com\/index.php\/wp-json\/wp\/v2\/pages\/199\/revisions\/250"}],"up":[{"embeddable":true,"href":"https:\/\/aazchaume.com\/index.php\/wp-json\/wp\/v2\/pages\/21"}],"wp:attachment":[{"href":"https:\/\/aazchaume.com\/index.php\/wp-json\/wp\/v2\/media?parent=199"}],"curies":[{"name":"wp","href":"https:\/\/api.w.org\/{rel}","templated":true}]}}