{"id":2,"date":"2018-11-16T12:59:20","date_gmt":"2018-11-16T11:59:20","guid":{"rendered":"http:\/\/aazchaume.com\/?page_id=2"},"modified":"2018-12-05T17:01:10","modified_gmt":"2018-12-05T16:01:10","slug":"mentions","status":"publish","type":"page","link":"https:\/\/aazchaume.com\/index.php\/toits-en-chaume\/mentions\/","title":{"rendered":"Mentions L\u00e9gales"},"content":{"rendered":"<p>L&rsquo;EDITEUR DU SITE<\/p>\n<p>Le pr\u00e9sent site www.aazchaume.com est la propri\u00e9t\u00e9 de AAZ Chaume:<\/p>\n<ul class=\"field-list\">\n<li class=\"field legal-name\"><span class=\"field-label\">Nom ou Raison sociale<\/span><span class=\"field-delimiter\">\u00a0:\u00a0<\/span><span class=\"field-value\">Affaire personnelle artisan<\/span><\/li>\n<li class=\"field company-address\"><span class=\"field-label\">Adresse<\/span><span class=\"field-delimiter\">\u00a0:\u00a0<\/span><span class=\"field-value\">route de la rive la motte 85710 CHATEAUNEUF<\/span><\/li>\n<li>Siret: 518 009 378<\/li>\n<\/ul>\n<p class=\"introduction-text\">L&rsquo;annonceur est l&rsquo;\u00e9diteur de ce site. stoPCrash est le prestataire technique.<\/p>\n<ul class=\"field-list\">\n<li class=\"field legal-name\"><span class=\"field-label\">Nom ou Raison sociale<\/span><span class=\"field-delimiter\">\u00a0:\u00a0<\/span><span class=\"field-value\">SARL unipersonnelle<\/span><\/li>\n<li class=\"field company-address\"><span class=\"field-label\">Adresse<\/span><span class=\"field-delimiter\">\u00a0:\u00a0<\/span><span class=\"field-value\">1 rue Saint-Christophe 77720 AUBEPIERRE OZOUER-LE-REPOS<\/span><\/li>\n<li>Capital social: SARL au capital de 15 000 euros<\/li>\n<li>Mentions R.C.S: 480 577 774 RCS Melun<\/li>\n<li>Num\u00e9ro TVA Intracommunautaire: FR24480577774<\/li>\n<li>Site Web: <a href=\"https:\/\/www.stopcrash.fr\" target=\"_blank\" rel=\"noopener\">https:\/\/www.stopcrash.fr<\/a><\/li>\n<li class=\"field company-email\"><span class=\"field-label\">Adresse \u00e9lectronique<\/span><span class=\"field-delimiter\">\u00a0:\u00a0<\/span><a href=\"mailto:contact@stopcrash.fr\"><span class=\"field-value\">contact@stopcrash.fr<\/span><\/a><\/li>\n<li class=\"field company-phone\"><span class=\"field-label\">T\u00e9l\u00e9phone<\/span><span class=\"field-delimiter\">\u00a0:\u00a0<\/span><span class=\"field-value\">01 64 06 22 58<\/span><\/li>\n<\/ul>\n<div class=\"provider-info info-block\">\n<p class=\"introduction-text\">L&rsquo;h\u00e9bergement est assur\u00e9 par OVH<\/p>\n<ul class=\"field-list\">\n<li class=\"field host-address\"><span class=\"field-label\">Adresse<\/span><span class=\"field-delimiter\">\u00a0:\u00a0<\/span><span class=\"field-value\">2 rue kellermann BP 59053 ROUBAIX Cedex 1<\/span><span class=\"field-value\"><br \/>\n<\/span><\/li>\n<li class=\"field host-capital\"><span class=\"field-label\">Capital social<\/span><span class=\"field-delimiter\">\u00a0:\u00a0<\/span><span class=\"field-value\">SAS au capital de 10 174 560 euros<\/span><\/li>\n<li class=\"field host-trade-register-statement\"><span class=\"field-label\">Mentions RCS<\/span><span class=\"field-delimiter\">\u00a0:\u00a0<\/span><span class=\"field-value\">424 761 419 RCS Lille<\/span><\/li>\n<li class=\"field host-trade-register-statement\">Num\u00e9ro TVA Intracommunautaire<span class=\"field-delimiter\">\u00a0:\u00a0<\/span><span class=\"field-value\">FR22424761419<\/span><\/li>\n<li class=\"field host-phone\"><span class=\"field-label\">T\u00e9l\u00e9phone<\/span><span class=\"field-delimiter\">\u00a0:\u00a0<\/span><span class=\"field-value\">33(0)800 000 518 (Service &amp; Appel Gratuit)<\/span><\/li>\n<\/ul>\n<p>L\u2019UTILISATEUR.<\/p>\n<p>Toute personne ayant acc\u00e8s au Site, est un Utilisateur du Site.<br \/>\nL\u2019Editeur ne saurait \u00eatre tenu responsable des risques inh\u00e9rents \u00e0 Internet et de leurs cons\u00e9quences, , pour l\u2019Utilisateur. Il appartient \u00e0 chaque Utilisateur de prendre toutes les mesures appropri\u00e9es de fa\u00e7on \u00e0 prot\u00e9ger ses propres donn\u00e9es, logiciels et mat\u00e9riels de la contamination par des virus ou autres formes d\u2019attaques..<\/p>\n<p>DONNES PERSONNELLES.<br \/>\nEn application des dispositions de la loi n\u00b0 78-17 du 6 janvier 1978 dite \u00ab\u00a0Informatique et Libert\u00e9s\u00a0\u00bb modifi\u00e9e, toute personne physique dispose des droits d\u2019acc\u00e8s, de modification, de rectification et de suppression des donn\u00e9es la concernant, cf \u00ab\u00a0politique de conservation des donn\u00e9es\u00a0\u00bb. L\u2019exercice de ces droits s\u2019effectue \u00e0 tout moment par la voie postale \u00e0 l\u2019adresse<br \/>\nsuivante :<\/p>\n<p>AAZ Chaume<\/p>\n<p>route de la rive la motte<\/p>\n<p>85710 CHATEAUNEUF<\/p>\n<p>Toute Utilisation du Site est enregistr\u00e9e. L\u2019Utilisateur est inform\u00e9 des collecteurs automatis\u00e9s de donn\u00e9es utilis\u00e9s par l\u2019Editeur afin d\u2019identifier l\u2019Utilisateur et ses visites successives sur le Site. L\u2019Utilisateur peut \u00eatre amen\u00e9 \u00e0 fournir des donn\u00e9es \u00e0 caract\u00e8re personnel qui pourront \u00eatre utilis\u00e9es \u00e0 des fins de prospection directe pour des produits ou services analogues par l\u2019Editeur du Site (cf \u00ab\u00a0<a href=\"http:\/\/aazchaume.com\/index.php\/politique\/\">politique de conservation des donn\u00e9es<\/a>\u00a0\u00bb) sur le Site.<\/p>\n<\/div>\n","protected":false},"excerpt":{"rendered":"<p>L&rsquo;EDITEUR DU SITE Le pr\u00e9sent site www.aazchaume.com est la propri\u00e9t\u00e9 de AAZ Chaume: Nom ou Raison sociale\u00a0:\u00a0Affaire personnelle artisan Adresse\u00a0:\u00a0route de la rive la motte 85710 CHATEAUNEUF Siret: 518 009 378 L&rsquo;annonceur est l&rsquo;\u00e9diteur de ce site. stoPCrash est le prestataire technique. Nom ou Raison sociale\u00a0:\u00a0SARL unipersonnelle Adresse\u00a0:\u00a01 rue Saint-Christophe 77720 AUBEPIERRE OZOUER-LE-REPOS Capital social:&hellip; <br \/> <a class=\"read-more\" href=\"https:\/\/aazchaume.com\/index.php\/toits-en-chaume\/mentions\/\">Read more<\/a><\/p>\n","protected":false},"author":1,"featured_media":0,"parent":21,"menu_order":0,"comment_status":"closed","ping_status":"closed","template":"","meta":{"footnotes":""},"class_list":["post-2","page","type-page","status-publish","hentry"],"_links":{"self":[{"href":"https:\/\/aazchaume.com\/index.php\/wp-json\/wp\/v2\/pages\/2","targetHints":{"allow":["GET"]}}],"collection":[{"href":"https:\/\/aazchaume.com\/index.php\/wp-json\/wp\/v2\/pages"}],"about":[{"href":"https:\/\/aazchaume.com\/index.php\/wp-json\/wp\/v2\/types\/page"}],"author":[{"embeddable":true,"href":"https:\/\/aazchaume.com\/index.php\/wp-json\/wp\/v2\/users\/1"}],"replies":[{"embeddable":true,"href":"https:\/\/aazchaume.com\/index.php\/wp-json\/wp\/v2\/comments?post=2"}],"version-history":[{"count":8,"href":"https:\/\/aazchaume.com\/index.php\/wp-json\/wp\/v2\/pages\/2\/revisions"}],"predecessor-version":[{"id":185,"href":"https:\/\/aazchaume.com\/index.php\/wp-json\/wp\/v2\/pages\/2\/revisions\/185"}],"up":[{"embeddable":true,"href":"https:\/\/aazchaume.com\/index.php\/wp-json\/wp\/v2\/pages\/21"}],"wp:attachment":[{"href":"https:\/\/aazchaume.com\/index.php\/wp-json\/wp\/v2\/media?parent=2"}],"curies":[{"name":"wp","href":"https:\/\/api.w.org\/{rel}","templated":true}]}}