{"id":21,"date":"2018-11-16T13:18:48","date_gmt":"2018-11-16T12:18:48","guid":{"rendered":"http:\/\/aazchaume.com\/index.php\/mesmerize-pro\/"},"modified":"2024-11-06T10:39:22","modified_gmt":"2024-11-06T09:39:22","slug":"toits-en-chaume","status":"publish","type":"page","link":"https:\/\/aazchaume.com\/","title":{"rendered":"Toits en chaume"},"content":{"rendered":"<div  data-label=\"Overlappable\" data-id=\"overlappable--1\" data-export-id=\"overlappable-4\" data-category=\"overlappable\" class=\"overlappable-4 content-section content-section-spacing content-relative\" data-overlap=\"true\" id=\"overlappable-1\" style=\"background-color: rgb(251, 192, 45); background-image: none;\" data-section-ov=\"1\">\r\n<div  class=\"gridContainer\">\r\n<div  data-type=\"row\" class=\"row spaced-cols text-center\">\r\n<div  class=\"col-xs-12 col-padding col-md-12 col-sm-12 \">\r\n<div  data-type=\"column\" class=\"\">\r\n<h5  class=\"\" style=\"text-align: left;\"><span  style=\"color: rgb(0, 0, 0); font-weight: 300; font-family: &quot;Playfair Display&quot;, arial, helvetica, sans-serif;\">Je perp\u00e9tue ainsi ce m\u00e9tier familial.<\/span>\r\n<span  style=\"color: rgb(0, 0, 0); font-weight: 300; font-family: &quot;Playfair Display&quot;, arial, helvetica, sans-serif;\">\r\nAid\u00e9 de mon fr\u00e8re, nous entretenons et r\u00e9alisons des couvertures en chaume dans toute la France.<\/span>\r\n<span  style=\"color: rgb(0, 0, 0); font-weight: 300; font-family: &quot;Playfair Display&quot;, arial, helvetica, sans-serif;\">\r\nNous maitrisons plusieurs techniques dites de:<\/span>\r\n<span  style=\"color: rgb(0, 0, 0); font-weight: 300; font-family: &quot;Playfair Display&quot;, arial, helvetica, sans-serif;\">\r\n\u2013 rembourrage ou repiquage<\/span>\r\n<span  style=\"color: rgb(0, 0, 0); font-weight: 300; font-family: &quot;Playfair Display&quot;, arial, helvetica, sans-serif;\">\r\n\u2013 la pose \u00e0 neuf, le remaniement et r\u00e9paration<\/span>\r\n<span  style=\"color: rgb(0, 0, 0); font-weight: 300; font-family: &quot;Playfair Display&quot;, arial, helvetica, sans-serif;\">\r\nNous ralisons et vous conseillons, par ailleurs pour les traitements anti-mousse.<\/span><\/h5>\r\n<p  class=\"\"><span  style=\"color: rgb(255, 0, 0); font-weight: 700; font-family: &quot;arial black&quot;, sans-serif;\">Notre politique<\/span><\/p>\r\n<p  class=\"\"><span  style=\"color: rgb(0, 0, 0); font-weight: 600;\">L\u2019\u00e9paisseur, la qualit\u00e9 et la long\u00e9vit\u00e9<\/span>\r\n<span  style=\"color: rgb(0, 0, 0); font-weight: 600;\">\r\nCes ont d\u2019ailleurs les raisons pour lesquelles nous sommes d\u00e9j\u00e0 si connus dans la profession.<\/span>\r\n\r\n<\/p><\/div>\r\n<\/div>\r\n<\/div>\r\n<\/div>\r\n<\/div><div  data-label=\"Portfolio\" data-id=\"portfolio--1\" data-export-id=\"portfolio-5\" data-category=\"portfolio\" class=\"portfolio-5 content-section content-section-spacing\" id=\"portfolio-1\" style=\"background-color: rgb(245, 250, 253);\">\r\n<div  class=\"gridContainer\">\r\n<div  data-section-title-area=\"true\" class=\"row text-center\">\r\n<div  class=\"section-title-col\" data-type=\"column\">\r\n<h2  class=\"\">Nos m\u00e9thodes de travail<\/h2>\r\n<p  class=\"\">Nous travaillons exclusivement avec du roseaux fran\u00e7ais de Camargue avec un suivi attentif \u00e0 la qualit\u00e9 des mat\u00e9riaux fournis (hygrom\u00e9trie des roseaux ) par notre fournisseur.<\/p>\r\n\r\n<\/div>\r\n<\/div>\r\n<div  class=\"row space-bottom spaced-cols center-sm\" data-type=\"row\">\r\n<div  class=\"col-xs-12 col-sm-4 text-center col-md-6 \">\r\n<div  class=\"card no-padding bordered\">\r\n<div  data-hover-fx=\"portfolio-6\" class=\"contentswap-effect\">\r\n<div  class=\"initial-image\"> <img decoding=\"async\"  data-size=\"500x333\" src=\"http:\/\/aazchaume.com\/wp-content\/uploads\/2018\/11\/cropped-incone-refection-1.jpg\"><\/div>\r\n<div  class=\"overlay bg-color6\"><\/div>\r\n<div  class=\"swap-inner col-xs-12\">\r\n<div  class=\"row full-height-row middle-xs middle-sm\">\r\n<div  class=\"col-xs-12 text-center content-holder\"> <a class=\"button small force-shadow color2 outline\" href=\"https:\/\/aazchaume.com\/index.php\/mesmerize-pro\/neuf\" target=\"_self\" data-cp-link=\"1\" data-icon=\"\" rel=\"noopener\">En savoir plus<\/a><\/div>\r\n<\/div>\r\n<\/div>\r\n<\/div>\r\n<div  class=\"col-xs-12\">\r\n<div  class=\"space-bottom space-top\" data-type=\"column\">\r\n<h5  class=\"\">M\u00e9thode Hollandaise \u2013 Remise \u00e0 Neuf<\/h5>\r\n<\/div>\r\n<\/div>\r\n<\/div>\r\n<\/div>\r\n<div  class=\"col-xs-12 col-sm-4 text-center col-md-6 \">\r\n<div  class=\"card no-padding bordered\">\r\n<div  data-hover-fx=\"portfolio-6\" class=\"contentswap-effect\">\r\n<div  class=\"initial-image\"> <img decoding=\"async\"  data-size=\"500x333\" src=\"http:\/\/aazchaume.com\/wp-content\/uploads\/2018\/11\/cropped-incone-refection-2.jpg\"><\/div>\r\n<div  class=\"overlay bg-color6\"><\/div>\r\n<div  class=\"swap-inner col-xs-12\">\r\n<div  class=\"row full-height-row middle-xs middle-sm\">\r\n<div  class=\"col-xs-12 text-center content-holder\"> <a class=\"button small color2 outline\" href=\"https:\/\/aazchaume.com\/index.php\/mesmerize-pro\/methode-hollandaise-repiquage\" target=\"_self\" data-cp-link=\"1\" data-icon=\"\" rel=\"noopener\">En savoir plus<\/a><\/div>\r\n<\/div>\r\n<\/div>\r\n<\/div>\r\n<div  class=\"col-xs-12\">\r\n<div  class=\"space-bottom space-top\" data-type=\"column\">\r\n<h5  class=\"\">M\u00e9thode Hollandaise \u2013 Repiquage<\/h5>\r\n<\/div>\r\n<\/div>\r\n<\/div>\r\n<\/div>\r\n<\/div>\r\n<div  class=\"row\">\r\n<div  data-type=\"column\" class=\"col-xs-12 text-center\"><\/div>\r\n<\/div>\r\n<\/div>\r\n<\/div><div  data-label=\"Contact\" data-id=\"contact--1\" data-export-id=\"contact-6\" data-category=\"contact\" class=\"contact-5 content-section content-section-spacing blessing\" id=\"contact-2\" style=\"background-size: cover; background-position: center top;\" data-section-ov=\"1\">\r\n<div  class=\"gridContainer\">\r\n<div  class=\"row text-center\">\r\n<div  class=\"section-title-col\" data-type=\"column\">\r\n<h2  class=\"\">Localisez-nous<\/h2>\r\n<\/div>\r\n<\/div>\r\n<div  class=\"row middle-sm\">\r\n<div  class=\"col-xs-12 col-sm-6 image-holder space-bottom-xs\">\r\n<div  data-content-shortcode=\"mesmerize_maps address=&quot;route de la rive la motte 85710 CHATEAUNEUF France&quot; zoom=&quot;40&quot;\" data-editable=\"true\" class=\"shadow-medium\"><iframe class=\"mesmerize-google-maps mesmerize-frame-map\" src=\"https:\/\/maps.google.com\/maps?q=route de la rive la motte 85710 CHATEAUNEUF France&amp;z=8&amp;t=m&amp;output=embed&amp;iwloc=near\"><\/iframe><\/div>\r\n<\/div>\r\n<div  class=\"col-xs-12 col-sm-6\">\r\n<div  class=\"row middle-sm\">\r\n<div  data-type=\"column\" class=\"col-xs-12 space-bottom-small\"><\/div>\r\n<\/div>\r\n<div  class=\"row middle-sm\" data-type=\"row\">\r\n<div  class=\"col-xs-12 space-bottom-small\">\r\n<div  class=\"row\">\r\n<div  data-type=\"column\" class=\"col-xs-12 col-sm-fit label-col\">\r\n<h5  class=\"\">Adresse:<\/h5>\r\n<\/div>\r\n<div  data-type=\"column\" class=\"col-xs-12 col-sm\">\r\n<p  class=\"\">8 lieu dit le bois marin 85710 CHATEAUNEUF<\/p>\r\n\r\n<\/div>\r\n<\/div>\r\n<\/div>\r\n<div  class=\"col-xs-12 space-bottom-small\">\r\n<div  class=\"row\">\r\n<div  data-type=\"column\" class=\"col-xs-12 col-sm-fit label-col\">\r\n<h5  class=\"\">T\u00e9l\u00e9phone:<\/h5>\r\n<\/div>\r\n<div  data-type=\"column\" class=\"col-xs-12 col-sm\">\r\n<p  class=\"\">09 70 95 66 35<\/p>\r\n\r\n<\/div>\r\n<\/div>\r\n<\/div>\r\n<div  class=\"col-xs-12 space-bottom-small\">\r\n<div  class=\"row\">\r\n<div  data-type=\"column\" class=\"col-xs-12 col-sm-fit label-col\">\r\n<h5  class=\"\">Email:<\/h5>\r\n<\/div>\r\n<div  data-type=\"column\" class=\"col-xs-12 col-sm\"><a href=\"mailto:aazchaume@gmail.com\" class=\"\" target=\"_self\" data-cp-link=\"1\" rel=\"noopener\">aazchaume@gmail.com<\/a><\/div>\r\n<\/div>\r\n<\/div>\r\n<\/div>\r\n<\/div>\r\n<\/div>\r\n<\/div>\r\n<\/div>","protected":false},"excerpt":{"rendered":"<p>Je perp\u00e9tue ainsi ce m\u00e9tier familial. Aid\u00e9 de mon fr\u00e8re, nous entretenons et r\u00e9alisons des couvertures en chaume dans toute la France. Nous maitrisons plusieurs techniques dites de: \u2013 rembourrage ou repiquage \u2013 la pose \u00e0 neuf, le remaniement et r\u00e9paration Nous ralisons et vous conseillons, par ailleurs pour les traitements anti-mousse. Notre politique L\u2019\u00e9paisseur,&hellip; <br \/> <a class=\"read-more\" href=\"https:\/\/aazchaume.com\/\">Read more<\/a><\/p>\n","protected":false},"author":1,"featured_media":0,"parent":0,"menu_order":0,"comment_status":"open","ping_status":"closed","template":"page-templates\/homepage.php","meta":{"footnotes":""},"class_list":["post-21","page","type-page","status-publish","hentry"],"_links":{"self":[{"href":"https:\/\/aazchaume.com\/index.php\/wp-json\/wp\/v2\/pages\/21","targetHints":{"allow":["GET"]}}],"collection":[{"href":"https:\/\/aazchaume.com\/index.php\/wp-json\/wp\/v2\/pages"}],"about":[{"href":"https:\/\/aazchaume.com\/index.php\/wp-json\/wp\/v2\/types\/page"}],"author":[{"embeddable":true,"href":"https:\/\/aazchaume.com\/index.php\/wp-json\/wp\/v2\/users\/1"}],"replies":[{"embeddable":true,"href":"https:\/\/aazchaume.com\/index.php\/wp-json\/wp\/v2\/comments?post=21"}],"version-history":[{"count":52,"href":"https:\/\/aazchaume.com\/index.php\/wp-json\/wp\/v2\/pages\/21\/revisions"}],"predecessor-version":[{"id":335,"href":"https:\/\/aazchaume.com\/index.php\/wp-json\/wp\/v2\/pages\/21\/revisions\/335"}],"wp:attachment":[{"href":"https:\/\/aazchaume.com\/index.php\/wp-json\/wp\/v2\/media?parent=21"}],"curies":[{"name":"wp","href":"https:\/\/api.w.org\/{rel}","templated":true}]}}