{"id":98,"date":"2018-11-20T15:43:21","date_gmt":"2018-11-20T14:43:21","guid":{"rendered":"http:\/\/aazchaume.com\/?page_id=98"},"modified":"2018-12-05T17:00:49","modified_gmt":"2018-12-05T16:00:49","slug":"politique","status":"publish","type":"page","link":"https:\/\/aazchaume.com\/index.php\/toits-en-chaume\/mentions\/politique\/","title":{"rendered":"Politique De Conservation Des Donn\u00e9es"},"content":{"rendered":"<h2>1. G\u00e9n\u00e9ralit\u00e9s<\/h2>\n<p>AAZ Chaume attache une grande importance \u00e0 la protection et au respect de votre vie priv\u00e9e. La pr\u00e9sente politique vise \u00e0 vous informer de nos pratiques concernant la collecte, l\u2019utilisation et le partage des informations que vous \u00eates amen\u00e9s \u00e0 nous fournir par le biais de notre site internet (le \u00ab Site \u00bb).<\/p>\n<h2>2. Les informations que nous recueillons<\/h2>\n<p>Nous sommes susceptibles de recueillir et de traiter les donn\u00e9es suivantes :<\/p>\n<p><strong>2.1.<\/strong>\u00a0Les informations que vous nous transmettez directement<\/p>\n<p>En utilisant notre Site, vous \u00eates amen\u00e9s \u00e0 nous transmettre des informations, dont certaines sont de nature \u00e0 vous identifier (\u00ab Donn\u00e9es Personnelles \u00bb) du type\u00a0:<\/p>\n<p><strong>2.1.1.<\/strong>\u00a0Les donn\u00e9es n\u00e9cessaires \u00e0 l\u2019utilisation des services que nous fournissons sur notre Site ou \u00e0 l\u2019acc\u00e8s \u00e0 tout autre service fournis par nous. Ces donn\u00e9es sont notamment vos nom et pr\u00e9nom, adresse e-mail et num\u00e9ro de t\u00e9l\u00e9phone ;<\/p>\n<p><strong>2.1.2.<\/strong>\u00a0Une adresse postale ;<\/p>\n<p><strong>2.1.3.<\/strong>\u00a0Les donn\u00e9es \u00a0\u00e0 fournir lorsque vous nous signalez un probl\u00e8me relatif \u00e0 nos services<\/p>\n<p>2.2. Les donn\u00e9es que nous recueillons automatiquement<\/p>\n<p><strong>2.2.1.<\/strong>\u00a0Dans le cas o\u00f9 vous vous connectez \u00e0 nos services en utilisant les fonctionnalit\u00e9s de r\u00e9seaux sociaux mises \u00e0 votre disposition, AAZ Chaume sera susceptibles de recueillir certaines de vos Donn\u00e9es Personnelles lorsque vous interagissez avec des fonctionnalit\u00e9s de ces r\u00e9seaux sociaux, tel que les fonctionnalit\u00e9s \u00ab J\u2019aime \u00bb.<\/p>\n<p class=\"title-primary\"><strong>2.2.2.<\/strong>\u00a0Lors de vos visites, nous sommes susceptible de recueillir des informations relatives notamment \u00e0 vos adresses IP, donn\u00e9es de connexion, types et versions de navigateurs internet utilis\u00e9s, types et versions des plugins de votre navigateur, syst\u00e8mes et plateformes d\u2019exploitation, donn\u00e9es concernant votre parcours de navigation sur notre Site, le contenu auquel vous acc\u00e9dez, les termes de recherches utilis\u00e9s, les erreurs de t\u00e9l\u00e9chargement, la dur\u00e9e de consultation des pages, l\u2019identifiant publicitaire de votre appareil, les interactions avec la page ainsi que tout num\u00e9ro du t\u00e9l\u00e9phone utilis\u00e9 pour nous contacter. Parmi les technologies utilis\u00e9es pour recueillir ces informations, nous avons notamment recours aux cookies (pour en savoir plus \u00e0 ce sujet, veuillez-vous r\u00e9f\u00e9rer \u00e0 notre\u00a0<a href=\"http:\/\/aazchaume.com\/index.php\/cookies\/\">Charte sur les Cookies<\/a>).<\/p>\n<p>2.3. Dur\u00e9e de conservation de vos donn\u00e9es<\/p>\n<p><strong>2.3.1.<\/strong>\u00a0Vos Donn\u00e9es sont archiv\u00e9es \u00e0 l\u2019issue d\u2019une dur\u00e9e de 3 ans apr\u00e8s votre derni\u00e8re utilisation de notre Site.<\/p>\n<h2><\/h2>\n<h2>3. Comment utilisons-nous les donn\u00e9es que nous recueillons ?<\/h2>\n<p>Nous utilisons les donn\u00e9es que nous recueillons afin de:<\/p>\n<p><strong>3.1.<\/strong>\u00a0ex\u00e9cuter les contrats conclus entre vous et nous, et vous fournir les informations et services demand\u00e9s ;<\/p>\n<p><strong>3.2.<\/strong>\u00a0vous envoyer des renseignements sur nos services par e-mail ou tout autre moyen de communication ;<\/p>\n<p><strong>3.3.<\/strong>\u00a0vous envoyer des messages marketing, publicitaires et promotionnels et des informations relatives \u00e0 l\u2019utilisation de nos services, ou vous sugg\u00e9rer des services susceptibles de vous int\u00e9resser. Nous sommes \u00e9galement susceptibles d\u2019utiliser vos donn\u00e9es pour vous adresser des messages publicitaires susceptibles de vous int\u00e9resser sur les plateformes de r\u00e9seaux sociaux ou sites de tiers.<\/p>\n<p><strong>3.4.<\/strong>\u00a0afin de vous informer des modifications apport\u00e9es \u00e0 nos services ;<\/p>\n<p><strong>3.5.<\/strong>\u00a0am\u00e9liorer et optimiser notre Site, notamment pour nous assurer de ce que l\u2019affichage de nos contenus est adapt\u00e9 \u00e0 votre appareil ;<\/p>\n<p><strong>3.6.<\/strong>\u00a0vous permettre d\u2019utiliser les fonctionnalit\u00e9s interactives de nos services<\/p>\n<h2><\/h2>\n<h2>4. Publicit\u00e9 cibl\u00e9e et e-mails<\/h2>\n<p>Conform\u00e9ment \u00e0 la l\u00e9gislation applicable nous pourrons utiliser les donn\u00e9es que vous nous fournissez sur notre Site \u00e0 des fins de prospection commerciale (par exemple pour (i) vous adresser nos newsletters, (ii) vous envoyer des invitations \u00e0 nos \u00e9v\u00e9nements ou toute autre communication susceptible de vous int\u00e9resser et (iii) afficher des publicit\u00e9s cibl\u00e9es sur les plateformes de m\u00e9dias sociaux ou sites tiers).<\/p>\n<p>Vous pouvez \u00e0 tout moment retirer votre consentement en (i) d\u00e9cochant la case aff\u00e9rente dans votre compte, (ii) cliquant sur le lien de d\u00e9sinscription fourni dans chacune de nos communications ou (iii) en nous contactant selon les modalit\u00e9s d\u00e9crites \u00e0 l\u2019article 13 ci-dessous.<\/p>\n<p>En ce qui concerne la publicit\u00e9 cibl\u00e9e : Sur les plateformes de r\u00e9seaux sociaux (par exemple Facebook, Twitter): vous pouvez vous opposer \u00e0 tout moment \u00e0 ce traitement en configurant les param\u00e8tres relatifs \u00e0 la publicit\u00e9 de votre compte sur ces r\u00e9seaux;<\/p>\n<h2><\/h2>\n<h2>5. Liens vers d\u2019autres sites internet et r\u00e9seaux sociaux<\/h2>\n<p>Notre Site contient des liens vers les sites internet de nos partenaires ou de soci\u00e9t\u00e9s tierces. Ces sites internet ont leur propre politique de confidentialit\u00e9, nous d\u00e9clinons toute responsabilit\u00e9 quant \u00e0 l\u2019utilisation faite par ces sites des informations collect\u00e9es lorsque vous cliquez sur ces liens. Nous vous invitons \u00e0 prendre connaissance de politiques de confidentialit\u00e9 de ces sites avant de leur transmettre vos Donn\u00e9es Personnelles.<\/p>\n<h2><\/h2>\n<h2>6. Modification de notre politique de confidentialit\u00e9<\/h2>\n<p>Nous vous conseillons de consulter r\u00e9guli\u00e8rement cette page pour prendre connaissance des \u00e9ventuelles modifications ou mises \u00e0 jour apport\u00e9es \u00e0 notre politique de confidentialit\u00e9.<\/p>\n<h2><\/h2>\n<h2>7. Contact<\/h2>\n<p>Pour toute demande relative \u00e0 vos donn\u00e9es personnelles, vous pouvez nous contacter en :<\/p>\n<ul>\n<li>adressant un email au responsable du traitement de la protection des donn\u00e9es \u00e0 l\u2019adresse\u00a0<a href=\"mailto:aazchaume@gmail.com\">aazchaume@gmail.com<\/a><\/li>\n<li>en remplissant ce\u00a0<a href=\"http:\/\/aazchaume.com\/index.php\/formulaire-de-contact\/\">formulaire en ligne<\/a><\/li>\n<li>ou en nous adressant un courrier \u00e0 l\u2019adresse suivante :<\/li>\n<\/ul>\n<p>Akraplast \u2013 A l\u2019attention du responsable de la Protection des Donn\u00e9es \u2013 31 Avenue de Bruxelles \u2013 BP 82100 \u2013 13846 VITROLLES Cedex 9.<\/p>\n<p>Les demandes de suppression de donn\u00e9es personnelles seront trait\u00e9es en respect des obligations l\u00e9gales, notamment en mati\u00e8re d\u2019archivage.<\/p>\n","protected":false},"excerpt":{"rendered":"<p>1. G\u00e9n\u00e9ralit\u00e9s AAZ Chaume attache une grande importance \u00e0 la protection et au respect de votre vie priv\u00e9e. La pr\u00e9sente politique vise \u00e0 vous informer de nos pratiques concernant la collecte, l\u2019utilisation et le partage des informations que vous \u00eates amen\u00e9s \u00e0 nous fournir par le biais de notre site internet (le \u00ab Site \u00bb).&hellip; <br \/> <a class=\"read-more\" href=\"https:\/\/aazchaume.com\/index.php\/toits-en-chaume\/mentions\/politique\/\">Read more<\/a><\/p>\n","protected":false},"author":1,"featured_media":0,"parent":2,"menu_order":0,"comment_status":"closed","ping_status":"closed","template":"","meta":{"footnotes":""},"class_list":["post-98","page","type-page","status-publish","hentry"],"_links":{"self":[{"href":"https:\/\/aazchaume.com\/index.php\/wp-json\/wp\/v2\/pages\/98","targetHints":{"allow":["GET"]}}],"collection":[{"href":"https:\/\/aazchaume.com\/index.php\/wp-json\/wp\/v2\/pages"}],"about":[{"href":"https:\/\/aazchaume.com\/index.php\/wp-json\/wp\/v2\/types\/page"}],"author":[{"embeddable":true,"href":"https:\/\/aazchaume.com\/index.php\/wp-json\/wp\/v2\/users\/1"}],"replies":[{"embeddable":true,"href":"https:\/\/aazchaume.com\/index.php\/wp-json\/wp\/v2\/comments?post=98"}],"version-history":[{"count":5,"href":"https:\/\/aazchaume.com\/index.php\/wp-json\/wp\/v2\/pages\/98\/revisions"}],"predecessor-version":[{"id":172,"href":"https:\/\/aazchaume.com\/index.php\/wp-json\/wp\/v2\/pages\/98\/revisions\/172"}],"up":[{"embeddable":true,"href":"https:\/\/aazchaume.com\/index.php\/wp-json\/wp\/v2\/pages\/2"}],"wp:attachment":[{"href":"https:\/\/aazchaume.com\/index.php\/wp-json\/wp\/v2\/media?parent=98"}],"curies":[{"name":"wp","href":"https:\/\/api.w.org\/{rel}","templated":true}]}}